{"id":1095,"date":"2024-03-18T14:21:24","date_gmt":"2024-03-18T14:21:24","guid":{"rendered":"https:\/\/jdhchile.cl\/?post_type=product&#038;p=1095"},"modified":"2024-03-18T14:21:24","modified_gmt":"2024-03-18T14:21:24","slug":"jdh-midi-pro-futurim-2023","status":"publish","type":"product","link":"https:\/\/jdhchile.cl\/index.php\/producto\/jdh-midi-pro-futurim-2023\/","title":{"rendered":"JDH Midi Pro Futurim 2023"},"content":{"rendered":"<p>El bolso Midi Pro es un bolso de tama\u00f1o perfecto para cualquier<br \/>\njugador. \u00a1Dise\u00f1ado para un jugadores que quieren todas las<br \/>\ncaracter\u00edsticas de una bolsa grande pero en un tama\u00f1o compacto!<\/p>\n<p>\u2013 2 grandes bolsillos frontales accesibles<br \/>\n\u2013 Bolsillo para objetos de valor<br \/>\n\u2013 Bolsillo Grande (HASTA 5 PALOS)<br \/>\n\u2013 Correas de hombros tipo mochila<br \/>\n\u2013 Doble base reforzada<br \/>\n\u2013 DURA-PRO TARPAULINA IMPERMEABLE<br \/>\n\u2013 Doble costura<\/p>\n","protected":false},"excerpt":{"rendered":"<p>El bolso Midi Pro es un bolso de tama\u00f1o perfecto para cualquier jugador. \u00a1Dise\u00f1ado para un jugadores que quieren todas las caracter\u00edsticas de una bolsa grande pero en un tama\u00f1o compacto! \u2013 2 grandes bolsillos frontales accesibles \u2013 Bolsillo para objetos de valor \u2013 Bolsillo Grande (HASTA 5 PALOS) \u2013 Correas de hombros tipo mochila [&hellip;]<\/p>\n","protected":false},"featured_media":1096,"comment_status":"open","ping_status":"closed","template":"","meta":{"ocean_post_layout":"","ocean_both_sidebars_style":"","ocean_both_sidebars_content_width":0,"ocean_both_sidebars_sidebars_width":0,"ocean_sidebar":"0","ocean_second_sidebar":"0","ocean_disable_margins":"enable","ocean_add_body_class":"","ocean_shortcode_before_top_bar":"","ocean_shortcode_after_top_bar":"","ocean_shortcode_before_header":"","ocean_shortcode_after_header":"","ocean_has_shortcode":"","ocean_shortcode_after_title":"","ocean_shortcode_before_footer_widgets":"","ocean_shortcode_after_footer_widgets":"","ocean_shortcode_before_footer_bottom":"","ocean_shortcode_after_footer_bottom":"","ocean_display_top_bar":"default","ocean_display_header":"default","ocean_header_style":"","ocean_center_header_left_menu":"0","ocean_custom_header_template":"0","ocean_custom_logo":0,"ocean_custom_retina_logo":0,"ocean_custom_logo_max_width":0,"ocean_custom_logo_tablet_max_width":0,"ocean_custom_logo_mobile_max_width":0,"ocean_custom_logo_max_height":0,"ocean_custom_logo_tablet_max_height":0,"ocean_custom_logo_mobile_max_height":0,"ocean_header_custom_menu":"0","ocean_menu_typo_font_family":"0","ocean_menu_typo_font_subset":"","ocean_menu_typo_font_size":0,"ocean_menu_typo_font_size_tablet":0,"ocean_menu_typo_font_size_mobile":0,"ocean_menu_typo_font_size_unit":"px","ocean_menu_typo_font_weight":"","ocean_menu_typo_font_weight_tablet":"","ocean_menu_typo_font_weight_mobile":"","ocean_menu_typo_transform":"","ocean_menu_typo_transform_tablet":"","ocean_menu_typo_transform_mobile":"","ocean_menu_typo_line_height":0,"ocean_menu_typo_line_height_tablet":0,"ocean_menu_typo_line_height_mobile":0,"ocean_menu_typo_line_height_unit":"","ocean_menu_typo_spacing":0,"ocean_menu_typo_spacing_tablet":0,"ocean_menu_typo_spacing_mobile":0,"ocean_menu_typo_spacing_unit":"","ocean_menu_link_color":"","ocean_menu_link_color_hover":"","ocean_menu_link_color_active":"","ocean_menu_link_background":"","ocean_menu_link_hover_background":"","ocean_menu_link_active_background":"","ocean_menu_social_links_bg":"","ocean_menu_social_hover_links_bg":"","ocean_menu_social_links_color":"","ocean_menu_social_hover_links_color":"","ocean_disable_title":"default","ocean_disable_heading":"default","ocean_post_title":"","ocean_post_subheading":"","ocean_post_title_style":"","ocean_post_title_background_color":"","ocean_post_title_background":0,"ocean_post_title_bg_image_position":"","ocean_post_title_bg_image_attachment":"","ocean_post_title_bg_image_repeat":"","ocean_post_title_bg_image_size":"","ocean_post_title_height":0,"ocean_post_title_bg_overlay":0.5,"ocean_post_title_bg_overlay_color":"","ocean_disable_breadcrumbs":"default","ocean_breadcrumbs_color":"","ocean_breadcrumbs_separator_color":"","ocean_breadcrumbs_links_color":"","ocean_breadcrumbs_links_hover_color":"","ocean_display_footer_widgets":"default","ocean_display_footer_bottom":"default","ocean_custom_footer_template":"0"},"product_cat":[17],"product_tag":[],"_links":{"self":[{"href":"https:\/\/jdhchile.cl\/index.php\/wp-json\/wp\/v2\/product\/1095"}],"collection":[{"href":"https:\/\/jdhchile.cl\/index.php\/wp-json\/wp\/v2\/product"}],"about":[{"href":"https:\/\/jdhchile.cl\/index.php\/wp-json\/wp\/v2\/types\/product"}],"replies":[{"embeddable":true,"href":"https:\/\/jdhchile.cl\/index.php\/wp-json\/wp\/v2\/comments?post=1095"}],"wp:featuredmedia":[{"embeddable":true,"href":"https:\/\/jdhchile.cl\/index.php\/wp-json\/wp\/v2\/media\/1096"}],"wp:attachment":[{"href":"https:\/\/jdhchile.cl\/index.php\/wp-json\/wp\/v2\/media?parent=1095"}],"wp:term":[{"taxonomy":"product_cat","embeddable":true,"href":"https:\/\/jdhchile.cl\/index.php\/wp-json\/wp\/v2\/product_cat?post=1095"},{"taxonomy":"product_tag","embeddable":true,"href":"https:\/\/jdhchile.cl\/index.php\/wp-json\/wp\/v2\/product_tag?post=1095"}],"curies":[{"name":"wp","href":"https:\/\/api.w.org\/{rel}","templated":true}]}}