{"id":714,"date":"2021-04-14T18:01:26","date_gmt":"2021-04-14T18:01:26","guid":{"rendered":"https:\/\/jdhchile.cl\/?post_type=product&#038;p=714"},"modified":"2024-02-23T15:01:46","modified_gmt":"2024-02-23T15:01:46","slug":"bolso-midi-pro","status":"publish","type":"product","link":"https:\/\/jdhchile.cl\/index.php\/producto\/bolso-midi-pro\/","title":{"rendered":"Bolso Midi Pro"},"content":{"rendered":"<p>Bolso MIDI PRO<\/p>\n<p>El Bolso Midi Pro es de tama\u00f1o perfecto para cualquier jugador. Dise\u00f1ado para un jugador que quiere todas las caracter\u00edsticas de una bolsa grande pero en un tama\u00f1o compacto.<\/p>\n<p>&#8211; Dos grandes bolsillos frontales accesibles<br \/>\n&#8211; Bolsillo para objetos de valor<br \/>\n&#8211; Bolsillo grande &#8211; caben hasta 5 palos<br \/>\n&#8211; Correas de hombro tipo mochila<br \/>\n&#8211; Doble base reforzada<br \/>\n&#8211; DURA-PRO TARPAULINA impermeable<br \/>\n&#8211; Doble costura<\/p>\n<p>Color: Negro\/Naranja\/Azul<br \/>\nMaterial: DURA-PRO TARPAULIN impermeable<br \/>\nTama\u00f1o: 100cm (L) x 26cm (W) x 20cm (D)<\/p>\n<p>&nbsp;<\/p>\n","protected":false},"excerpt":{"rendered":"<p>Bolso MIDI PRO El Bolso Midi Pro es de tama\u00f1o perfecto para cualquier jugador. Dise\u00f1ado para un jugador que quiere todas las caracter\u00edsticas de una bolsa grande pero en un tama\u00f1o compacto. &#8211; Dos grandes bolsillos frontales accesibles &#8211; Bolsillo para objetos de valor &#8211; Bolsillo grande &#8211; caben hasta 5 palos &#8211; Correas de [&hellip;]<\/p>\n","protected":false},"featured_media":716,"comment_status":"open","ping_status":"closed","template":"","meta":{"ocean_post_layout":"","ocean_both_sidebars_style":"","ocean_both_sidebars_content_width":0,"ocean_both_sidebars_sidebars_width":0,"ocean_sidebar":"0","ocean_second_sidebar":"0","ocean_disable_margins":"enable","ocean_add_body_class":"","ocean_shortcode_before_top_bar":"","ocean_shortcode_after_top_bar":"","ocean_shortcode_before_header":"","ocean_shortcode_after_header":"","ocean_has_shortcode":"","ocean_shortcode_after_title":"","ocean_shortcode_before_footer_widgets":"","ocean_shortcode_after_footer_widgets":"","ocean_shortcode_before_footer_bottom":"","ocean_shortcode_after_footer_bottom":"","ocean_display_top_bar":"default","ocean_display_header":"default","ocean_header_style":"","ocean_center_header_left_menu":"0","ocean_custom_header_template":"0","ocean_custom_logo":0,"ocean_custom_retina_logo":0,"ocean_custom_logo_max_width":0,"ocean_custom_logo_tablet_max_width":0,"ocean_custom_logo_mobile_max_width":0,"ocean_custom_logo_max_height":0,"ocean_custom_logo_tablet_max_height":0,"ocean_custom_logo_mobile_max_height":0,"ocean_header_custom_menu":"0","ocean_menu_typo_font_family":"","ocean_menu_typo_font_subset":"","ocean_menu_typo_font_size":0,"ocean_menu_typo_font_size_tablet":0,"ocean_menu_typo_font_size_mobile":0,"ocean_menu_typo_font_size_unit":"px","ocean_menu_typo_font_weight":"","ocean_menu_typo_font_weight_tablet":"","ocean_menu_typo_font_weight_mobile":"","ocean_menu_typo_transform":"","ocean_menu_typo_transform_tablet":"","ocean_menu_typo_transform_mobile":"","ocean_menu_typo_line_height":0,"ocean_menu_typo_line_height_tablet":0,"ocean_menu_typo_line_height_mobile":0,"ocean_menu_typo_line_height_unit":"","ocean_menu_typo_spacing":0,"ocean_menu_typo_spacing_tablet":0,"ocean_menu_typo_spacing_mobile":0,"ocean_menu_typo_spacing_unit":"","ocean_menu_link_color":"","ocean_menu_link_color_hover":"","ocean_menu_link_color_active":"","ocean_menu_link_background":"","ocean_menu_link_hover_background":"","ocean_menu_link_active_background":"","ocean_menu_social_links_bg":"","ocean_menu_social_hover_links_bg":"","ocean_menu_social_links_color":"","ocean_menu_social_hover_links_color":"","ocean_disable_title":"default","ocean_disable_heading":"default","ocean_post_title":"","ocean_post_subheading":"","ocean_post_title_style":"","ocean_post_title_background_color":"","ocean_post_title_background":0,"ocean_post_title_bg_image_position":"","ocean_post_title_bg_image_attachment":"","ocean_post_title_bg_image_repeat":"","ocean_post_title_bg_image_size":"","ocean_post_title_height":0,"ocean_post_title_bg_overlay":0.5,"ocean_post_title_bg_overlay_color":"","ocean_disable_breadcrumbs":"default","ocean_breadcrumbs_color":"","ocean_breadcrumbs_separator_color":"","ocean_breadcrumbs_links_color":"","ocean_breadcrumbs_links_hover_color":"","ocean_display_footer_widgets":"default","ocean_display_footer_bottom":"default","ocean_custom_footer_template":""},"product_cat":[17],"product_tag":[],"_links":{"self":[{"href":"https:\/\/jdhchile.cl\/index.php\/wp-json\/wp\/v2\/product\/714"}],"collection":[{"href":"https:\/\/jdhchile.cl\/index.php\/wp-json\/wp\/v2\/product"}],"about":[{"href":"https:\/\/jdhchile.cl\/index.php\/wp-json\/wp\/v2\/types\/product"}],"replies":[{"embeddable":true,"href":"https:\/\/jdhchile.cl\/index.php\/wp-json\/wp\/v2\/comments?post=714"}],"wp:featuredmedia":[{"embeddable":true,"href":"https:\/\/jdhchile.cl\/index.php\/wp-json\/wp\/v2\/media\/716"}],"wp:attachment":[{"href":"https:\/\/jdhchile.cl\/index.php\/wp-json\/wp\/v2\/media?parent=714"}],"wp:term":[{"taxonomy":"product_cat","embeddable":true,"href":"https:\/\/jdhchile.cl\/index.php\/wp-json\/wp\/v2\/product_cat?post=714"},{"taxonomy":"product_tag","embeddable":true,"href":"https:\/\/jdhchile.cl\/index.php\/wp-json\/wp\/v2\/product_tag?post=714"}],"curies":[{"name":"wp","href":"https:\/\/api.w.org\/{rel}","templated":true}]}}